{"id":58,"date":"2021-01-14T15:15:36","date_gmt":"2021-01-14T14:15:36","guid":{"rendered":"http:\/\/jubilersezam.pl\/blog\/?page_id=58"},"modified":"2023-03-22T14:20:36","modified_gmt":"2023-03-22T13:20:36","slug":"o-nas","status":"publish","type":"page","link":"https:\/\/jubilersezam.pl\/blog\/o-nas\/","title":{"rendered":""},"content":{"rendered":"\n<p class=\"has-text-align-center\">Pierwszy salon jubilerski Sezam powsta\u0142 w 1994 roku. Ten czas pozwoli\u0142 zebra\u0107 grono os\u00f3b, dla kt\u00f3rych bi\u017cuteria to nie tylko codzienna praca lecz przede wszystkim pasja. Owocem tej pasji jest poni\u017cszy blog. Mamy nadziej\u0119, \u017ce w naszych poradnikach znajdziesz odpowied\u017a na nurtuj\u0105ce Ci\u0119 pytania, a mo\u017ce zainspirujemy Ci\u0119 by\u015b m\u00f3g\u0142 z nami wyrazi\u0107 siebie.<\/p>\n\n\n\n<p> &nbsp;<\/p>\n\n\n<div class=\"wp-block-image\">\n<figure class=\"aligncenter size-full is-resized\"><img loading=\"lazy\" decoding=\"async\" src=\"https:\/\/jubilersezam.pl\/blog\/wp-content\/uploads\/2023\/03\/sygnet.png\" alt=\"\" class=\"wp-image-831\" width=\"103\" height=\"61\" srcset=\"https:\/\/jubilersezam.pl\/blog\/wp-content\/uploads\/2023\/03\/sygnet.png 478w, https:\/\/jubilersezam.pl\/blog\/wp-content\/uploads\/2023\/03\/sygnet-300x177.png 300w\" sizes=\"auto, (max-width: 103px) 100vw, 103px\" \/><\/figure>\n<\/div>","protected":false},"excerpt":{"rendered":"<p>Pierwszy salon jubilerski Sezam powsta\u0142 w 1994 roku. Ten czas pozwoli\u0142 zebra\u0107 grono os\u00f3b, dla kt\u00f3rych bi\u017cuteria to nie tylko codzienna praca lecz przede wszystkim pasja. Owocem tej pasji jest poni\u017cszy blog. Mamy nadziej\u0119, \u017ce w naszych poradnikach znajdziesz odpowied\u017a na nurtuj\u0105ce Ci\u0119 pytania, a mo\u017ce zainspirujemy Ci\u0119 by\u015b m\u00f3g\u0142 z nami wyrazi\u0107 siebie. &nbsp;<\/p>\n","protected":false},"author":1,"featured_media":0,"parent":0,"menu_order":0,"comment_status":"closed","ping_status":"closed","template":"page-templates\/full-width.php","meta":{"footnotes":""},"class_list":["post-58","page","type-page","status-publish","hentry"],"yoast_head":"<!-- This site is optimized with the Yoast SEO plugin v27.3 - https:\/\/yoast.com\/product\/yoast-seo-wordpress\/ -->\n<title>- Skarby Sezamu<\/title>\n<meta name=\"robots\" content=\"index, follow, max-snippet:-1, max-image-preview:large, max-video-preview:-1\" \/>\n<link rel=\"canonical\" href=\"https:\/\/jubilersezam.pl\/blog\/o-nas\/\" \/>\n<meta property=\"og:locale\" content=\"pl_PL\" \/>\n<meta property=\"og:type\" content=\"article\" \/>\n<meta property=\"og:title\" content=\"- Skarby Sezamu\" \/>\n<meta property=\"og:description\" content=\"Pierwszy salon jubilerski Sezam powsta\u0142 w 1994 roku. Ten czas pozwoli\u0142 zebra\u0107 grono os\u00f3b, dla kt\u00f3rych bi\u017cuteria to nie tylko codzienna praca lecz przede wszystkim pasja. Owocem tej pasji jest poni\u017cszy blog. Mamy nadziej\u0119, \u017ce w naszych poradnikach znajdziesz odpowied\u017a na nurtuj\u0105ce Ci\u0119 pytania, a mo\u017ce zainspirujemy Ci\u0119 by\u015b m\u00f3g\u0142 z nami wyrazi\u0107 siebie. &nbsp;\" \/>\n<meta property=\"og:url\" content=\"https:\/\/jubilersezam.pl\/blog\/o-nas\/\" \/>\n<meta property=\"og:site_name\" content=\"Skarby Sezamu\" \/>\n<meta property=\"article:modified_time\" content=\"2023-03-22T13:20:36+00:00\" \/>\n<meta property=\"og:image\" content=\"https:\/\/jubilersezam.pl\/blog\/wp-content\/uploads\/2023\/03\/sygnet.png\" \/>\n<meta name=\"twitter:card\" content=\"summary_large_image\" \/>\n<script type=\"application\/ld+json\" class=\"yoast-schema-graph\">{\"@context\":\"https:\\\/\\\/schema.org\",\"@graph\":[{\"@type\":\"WebPage\",\"@id\":\"https:\\\/\\\/jubilersezam.pl\\\/blog\\\/o-nas\\\/\",\"url\":\"https:\\\/\\\/jubilersezam.pl\\\/blog\\\/o-nas\\\/\",\"name\":\"- Skarby Sezamu\",\"isPartOf\":{\"@id\":\"https:\\\/\\\/jubilersezam.pl\\\/blog\\\/#website\"},\"primaryImageOfPage\":{\"@id\":\"https:\\\/\\\/jubilersezam.pl\\\/blog\\\/o-nas\\\/#primaryimage\"},\"image\":{\"@id\":\"https:\\\/\\\/jubilersezam.pl\\\/blog\\\/o-nas\\\/#primaryimage\"},\"thumbnailUrl\":\"https:\\\/\\\/jubilersezam.pl\\\/blog\\\/wp-content\\\/uploads\\\/2023\\\/03\\\/sygnet.png\",\"datePublished\":\"2021-01-14T14:15:36+00:00\",\"dateModified\":\"2023-03-22T13:20:36+00:00\",\"inLanguage\":\"pl-PL\",\"potentialAction\":[{\"@type\":\"ReadAction\",\"target\":[\"https:\\\/\\\/jubilersezam.pl\\\/blog\\\/o-nas\\\/\"]}]},{\"@type\":\"ImageObject\",\"inLanguage\":\"pl-PL\",\"@id\":\"https:\\\/\\\/jubilersezam.pl\\\/blog\\\/o-nas\\\/#primaryimage\",\"url\":\"https:\\\/\\\/jubilersezam.pl\\\/blog\\\/wp-content\\\/uploads\\\/2023\\\/03\\\/sygnet.png\",\"contentUrl\":\"https:\\\/\\\/jubilersezam.pl\\\/blog\\\/wp-content\\\/uploads\\\/2023\\\/03\\\/sygnet.png\",\"width\":478,\"height\":282},{\"@type\":\"WebSite\",\"@id\":\"https:\\\/\\\/jubilersezam.pl\\\/blog\\\/#website\",\"url\":\"https:\\\/\\\/jubilersezam.pl\\\/blog\\\/\",\"name\":\"Skarby Sezamu\",\"description\":\"\",\"publisher\":{\"@id\":\"https:\\\/\\\/jubilersezam.pl\\\/blog\\\/#organization\"},\"potentialAction\":[{\"@type\":\"SearchAction\",\"target\":{\"@type\":\"EntryPoint\",\"urlTemplate\":\"https:\\\/\\\/jubilersezam.pl\\\/blog\\\/?s={search_term_string}\"},\"query-input\":{\"@type\":\"PropertyValueSpecification\",\"valueRequired\":true,\"valueName\":\"search_term_string\"}}],\"inLanguage\":\"pl-PL\"},{\"@type\":\"Organization\",\"@id\":\"https:\\\/\\\/jubilersezam.pl\\\/blog\\\/#organization\",\"name\":\"Skarby Sezamu\",\"url\":\"https:\\\/\\\/jubilersezam.pl\\\/blog\\\/\",\"logo\":{\"@type\":\"ImageObject\",\"inLanguage\":\"pl-PL\",\"@id\":\"https:\\\/\\\/jubilersezam.pl\\\/blog\\\/#\\\/schema\\\/logo\\\/image\\\/\",\"url\":\"https:\\\/\\\/jubilersezam.pl\\\/blog\\\/wp-content\\\/uploads\\\/2023\\\/03\\\/logo2023_2.png\",\"contentUrl\":\"https:\\\/\\\/jubilersezam.pl\\\/blog\\\/wp-content\\\/uploads\\\/2023\\\/03\\\/logo2023_2.png\",\"width\":3000,\"height\":816,\"caption\":\"Skarby Sezamu\"},\"image\":{\"@id\":\"https:\\\/\\\/jubilersezam.pl\\\/blog\\\/#\\\/schema\\\/logo\\\/image\\\/\"}}]}<\/script>\n<!-- \/ Yoast SEO plugin. -->","yoast_head_json":{"title":"- Skarby Sezamu","robots":{"index":"index","follow":"follow","max-snippet":"max-snippet:-1","max-image-preview":"max-image-preview:large","max-video-preview":"max-video-preview:-1"},"canonical":"https:\/\/jubilersezam.pl\/blog\/o-nas\/","og_locale":"pl_PL","og_type":"article","og_title":"- Skarby Sezamu","og_description":"Pierwszy salon jubilerski Sezam powsta\u0142 w 1994 roku. Ten czas pozwoli\u0142 zebra\u0107 grono os\u00f3b, dla kt\u00f3rych bi\u017cuteria to nie tylko codzienna praca lecz przede wszystkim pasja. Owocem tej pasji jest poni\u017cszy blog. Mamy nadziej\u0119, \u017ce w naszych poradnikach znajdziesz odpowied\u017a na nurtuj\u0105ce Ci\u0119 pytania, a mo\u017ce zainspirujemy Ci\u0119 by\u015b m\u00f3g\u0142 z nami wyrazi\u0107 siebie. &nbsp;","og_url":"https:\/\/jubilersezam.pl\/blog\/o-nas\/","og_site_name":"Skarby Sezamu","article_modified_time":"2023-03-22T13:20:36+00:00","og_image":[{"url":"https:\/\/jubilersezam.pl\/blog\/wp-content\/uploads\/2023\/03\/sygnet.png","type":"","width":"","height":""}],"twitter_card":"summary_large_image","schema":{"@context":"https:\/\/schema.org","@graph":[{"@type":"WebPage","@id":"https:\/\/jubilersezam.pl\/blog\/o-nas\/","url":"https:\/\/jubilersezam.pl\/blog\/o-nas\/","name":"- Skarby Sezamu","isPartOf":{"@id":"https:\/\/jubilersezam.pl\/blog\/#website"},"primaryImageOfPage":{"@id":"https:\/\/jubilersezam.pl\/blog\/o-nas\/#primaryimage"},"image":{"@id":"https:\/\/jubilersezam.pl\/blog\/o-nas\/#primaryimage"},"thumbnailUrl":"https:\/\/jubilersezam.pl\/blog\/wp-content\/uploads\/2023\/03\/sygnet.png","datePublished":"2021-01-14T14:15:36+00:00","dateModified":"2023-03-22T13:20:36+00:00","inLanguage":"pl-PL","potentialAction":[{"@type":"ReadAction","target":["https:\/\/jubilersezam.pl\/blog\/o-nas\/"]}]},{"@type":"ImageObject","inLanguage":"pl-PL","@id":"https:\/\/jubilersezam.pl\/blog\/o-nas\/#primaryimage","url":"https:\/\/jubilersezam.pl\/blog\/wp-content\/uploads\/2023\/03\/sygnet.png","contentUrl":"https:\/\/jubilersezam.pl\/blog\/wp-content\/uploads\/2023\/03\/sygnet.png","width":478,"height":282},{"@type":"WebSite","@id":"https:\/\/jubilersezam.pl\/blog\/#website","url":"https:\/\/jubilersezam.pl\/blog\/","name":"Skarby Sezamu","description":"","publisher":{"@id":"https:\/\/jubilersezam.pl\/blog\/#organization"},"potentialAction":[{"@type":"SearchAction","target":{"@type":"EntryPoint","urlTemplate":"https:\/\/jubilersezam.pl\/blog\/?s={search_term_string}"},"query-input":{"@type":"PropertyValueSpecification","valueRequired":true,"valueName":"search_term_string"}}],"inLanguage":"pl-PL"},{"@type":"Organization","@id":"https:\/\/jubilersezam.pl\/blog\/#organization","name":"Skarby Sezamu","url":"https:\/\/jubilersezam.pl\/blog\/","logo":{"@type":"ImageObject","inLanguage":"pl-PL","@id":"https:\/\/jubilersezam.pl\/blog\/#\/schema\/logo\/image\/","url":"https:\/\/jubilersezam.pl\/blog\/wp-content\/uploads\/2023\/03\/logo2023_2.png","contentUrl":"https:\/\/jubilersezam.pl\/blog\/wp-content\/uploads\/2023\/03\/logo2023_2.png","width":3000,"height":816,"caption":"Skarby Sezamu"},"image":{"@id":"https:\/\/jubilersezam.pl\/blog\/#\/schema\/logo\/image\/"}}]}},"_links":{"self":[{"href":"https:\/\/jubilersezam.pl\/blog\/wp-json\/wp\/v2\/pages\/58","targetHints":{"allow":["GET"]}}],"collection":[{"href":"https:\/\/jubilersezam.pl\/blog\/wp-json\/wp\/v2\/pages"}],"about":[{"href":"https:\/\/jubilersezam.pl\/blog\/wp-json\/wp\/v2\/types\/page"}],"author":[{"embeddable":true,"href":"https:\/\/jubilersezam.pl\/blog\/wp-json\/wp\/v2\/users\/1"}],"replies":[{"embeddable":true,"href":"https:\/\/jubilersezam.pl\/blog\/wp-json\/wp\/v2\/comments?post=58"}],"version-history":[{"count":14,"href":"https:\/\/jubilersezam.pl\/blog\/wp-json\/wp\/v2\/pages\/58\/revisions"}],"predecessor-version":[{"id":834,"href":"https:\/\/jubilersezam.pl\/blog\/wp-json\/wp\/v2\/pages\/58\/revisions\/834"}],"wp:attachment":[{"href":"https:\/\/jubilersezam.pl\/blog\/wp-json\/wp\/v2\/media?parent=58"}],"curies":[{"name":"wp","href":"https:\/\/api.w.org\/{rel}","templated":true}]}}